{"id":424,"date":"2015-01-02T19:45:33","date_gmt":"2015-01-02T19:45:33","guid":{"rendered":"http:\/\/esc.dpr2.de\/?page_id=424"},"modified":"2023-06-21T08:18:36","modified_gmt":"2023-06-21T08:18:36","slug":"contactez-nous","status":"publish","type":"page","link":"https:\/\/www.escsys.de\/fr\/contactez-nous\/","title":{"rendered":"Contactez-nous"},"content":{"rendered":"<div class=\"spalten\">\n<div class=\"spalte-links\">\n<h2>Contactez-nous<\/h2>\n<p>Vous \u00eates int\u00e9ress\u00e9 par nos solutions et services ?<\/p>\n<p>Vous pouvez nous joindre tr\u00e8s facilement par t\u00e9l\u00e9phone ou par e-mail :<\/p>\n<p><strong>E-Mail: <\/strong>info(at)escsys.de<br \/>\n<strong>Tel: <\/strong><a class=\"tel\" href=\"tel:00497433260200\">0 74 33 &#8211; 260 20 &#8211; 0<\/a><br \/>\n<strong>Fax: <\/strong><a class=\"tel\" href=\"tel:004974332602020\">0 74 33 &#8211; 260 20 &#8211; 20<\/a><\/p>\n<p><strong>ESC GmbH<\/strong><br \/>\nIngenieurgesellschaft f\u00fcr Oberfl\u00e4chen-Reinigungstechnik<br \/>\nDaimlerstra\u00dfe 17<br \/>\nD-72351 Geislingen<\/p>\n<\/div>\n<div class=\"spalte-rechts\">\n<h2>Plan d&rsquo;acc\u00e8s<\/h2>\n <div class=\"brlbs-cmpnt-container brlbs-cmpnt-content-blocker brlbs-cmpnt-with-individual-styles\" data-borlabs-cookie-content-blocker-id=\"google-maps\" data-borlabs-cookie-content=\"PGlmcmFtZSBsb2FkaW5nPSJsYXp5IiBzcmM9Imh0dHBzOi8vd3d3Lmdvb2dsZS5jb20vbWFwcy9lbWJlZD9wYj0hMW0xNCExbTghMW0zITFkMjY1NC4zNzg5OTA5OTE5MjchMmQ4LjgxMTQ4NDAwMDAwMDAwMiEzZDQ4LjI5NTU2MjAwMDAwMDAwNCEzbTIhMWkxMDI0ITJpNzY4ITRmMTMuMSEzbTMhMW0yITFzMHg0NzkwYTlmMGI4M2M2OTE1JTNBMHhmMTZlMjEzNjU3ZjM4NzZjITJzRVNDK1RlY2huaWNhbCtTZXJ2aWNlK0dtYkghNWUwITNtMiExc2RlITJzZGUhNHYxNDE5NTQ5NDY3NzEyIiB3aWR0aD0iNDMwIiBoZWlnaHQ9IjQwMCIgZnJhbWVib3JkZXI9IjAiIHN0eWxlPSJib3JkZXI6MCI+PC9pZnJhbWU+\"><div class=\"brlbs-cmpnt-cb-preset-b brlbs-cmpnt-cb-google-maps\"> <div class=\"brlbs-cmpnt-cb-thumbnail\" style=\"background-image: url('https:\/\/www.escsys.de\/wp-content\/uploads\/borlabs-cookie\/1\/brlbs-cb-google-maps-main.png')\"><\/div> <div class=\"brlbs-cmpnt-cb-main\"> <div class=\"brlbs-cmpnt-cb-content\"> <p class=\"brlbs-cmpnt-cb-description\">Vous \u00eates actuellement en train de consulter le contenu d'un espace r\u00e9serv\u00e9 de <strong>Google Maps<\/strong>. Pour acc\u00e9der au contenu r\u00e9el, cliquez sur le bouton ci-dessous. Veuillez noter que ce faisant, des donn\u00e9es seront partag\u00e9es avec des providers tiers.<\/p> <a class=\"brlbs-cmpnt-cb-provider-toggle\" href=\"#\" data-borlabs-cookie-show-provider-information role=\"button\">Plus d'informations<\/a> <\/div> <div class=\"brlbs-cmpnt-cb-buttons\"> <a class=\"brlbs-cmpnt-cb-btn\" href=\"#\" data-borlabs-cookie-unblock role=\"button\">D\u00e9bloquer le contenu<\/a> <a class=\"brlbs-cmpnt-cb-btn\" href=\"#\" data-borlabs-cookie-accept-service role=\"button\" style=\"display: inherit\">Accepter le service requis et d\u00e9bloquer les contenus<\/a> <\/div> <\/div> <\/div><\/div>\n<\/div>\n\n\n<div class=\"spalten-clear\"><\/div>\n\n<\/div>\n","protected":false},"excerpt":{"rendered":"","protected":false},"author":1,"featured_media":0,"parent":0,"menu_order":0,"comment_status":"closed","ping_status":"closed","template":"","meta":{"footnotes":""},"class_list":["post-424","page","type-page","status-publish","hentry"],"_links":{"self":[{"href":"https:\/\/www.escsys.de\/fr\/wp-json\/wp\/v2\/pages\/424","targetHints":{"allow":["GET"]}}],"collection":[{"href":"https:\/\/www.escsys.de\/fr\/wp-json\/wp\/v2\/pages"}],"about":[{"href":"https:\/\/www.escsys.de\/fr\/wp-json\/wp\/v2\/types\/page"}],"author":[{"embeddable":true,"href":"https:\/\/www.escsys.de\/fr\/wp-json\/wp\/v2\/users\/1"}],"replies":[{"embeddable":true,"href":"https:\/\/www.escsys.de\/fr\/wp-json\/wp\/v2\/comments?post=424"}],"version-history":[{"count":7,"href":"https:\/\/www.escsys.de\/fr\/wp-json\/wp\/v2\/pages\/424\/revisions"}],"predecessor-version":[{"id":1184,"href":"https:\/\/www.escsys.de\/fr\/wp-json\/wp\/v2\/pages\/424\/revisions\/1184"}],"wp:attachment":[{"href":"https:\/\/www.escsys.de\/fr\/wp-json\/wp\/v2\/media?parent=424"}],"curies":[{"name":"wp","href":"https:\/\/api.w.org\/{rel}","templated":true}]}}