{"id":313,"date":"2014-12-30T20:16:42","date_gmt":"2014-12-30T20:16:42","guid":{"rendered":"http:\/\/esc.dpr2.de\/?page_id=313"},"modified":"2015-01-22T08:00:48","modified_gmt":"2015-01-22T08:00:48","slug":"qui-sommes-nous","status":"publish","type":"page","link":"https:\/\/www.escsys.de\/fr\/qui-sommes-nous\/","title":{"rendered":"Qui sommes nous?"},"content":{"rendered":"<div class=\"spalten\">\n<div class=\"spalte-links\">\n<p>ESC est une soci\u00e9t\u00e9 qui se consacre depuis 1991 aux probl\u00e8mes du d\u00e9laquage industriel et s\u2019est fix\u00e9 pour objectif le d\u00e9veloppement et la fabrication de solutions globales par voie chimique.<\/p>\n<p>Nous proposons des concepts de d\u00e9laquage enti\u00e8rement nouveaux, uniques par leur degr\u00e9 de maturit\u00e9.<\/p>\n<p>ESC travaille sur le haut niveau \u2013 c\u2019est ce que d\u00e9montre la constante mise au point de nouveaux produits, c\u2019est ce que prouve la technologie \u2013 et occupe une position de leader sur le march\u00e9 du d\u00e9laquage chimique.<\/p>\n<p>La grande motivation et la longue exp\u00e9rience de nos collaborateurs ainsi qu\u2019un cadre de travail moderne et positif contribuent largement \u00e0 notre r\u00e9ussite et \u00e0 l\u2019efficacit\u00e9 de notre entreprise.<\/p>\n<p><em>Bernd Schlaich<\/em><\/p>\n<div class=\"visitenkarte-container\">\n\t<div class=\"visitenkarte-inner\">\n\t\t<div class=\"visitenkarte-image\">\n\t\t\t\n<p><img loading=\"lazy\" decoding=\"async\" class=\"alignnone wp-image-536 size-full\" src=\"https:\/\/www.escsys.de\/wp-content\/uploads\/2014\/12\/schlaich.jpg\" alt=\"Bernd Schlaich\" width=\"144\" height=\"177\" \/><\/p>\n\n\t\t<\/div>\n\t\t<div class=\"visitenkarte-text\">\n\t\t\t<h3>Bernd Schlaich<\/h3>\n\t\t\t<p>Gesch\u00e4ftsf\u00fchrer<\/p>\n\t\t\t<p>TEL 0 74 33 - 260 20 - 0<br \/>\n\t\t\tFAX 0 74 33 - 260 20 - 20<br \/>\n\t\t\t<a href=\"mailto:Bernd.Schlaich@escsys.de\">Bernd.Schlaich@escsys.de<\/a><\/p>\n\t\t\t<p class=\"button\"><a class=\"button color-blue\" href=\"\/wp-content\/uploads\/Bernd_Schlaich.vcf\">Download .vcf<\/a><\/p>\n\t\t<\/div>\n\t<\/div>\n\t<div class=\"clear-fix\"><\/div>\n<\/div>\n<\/div>\n<div class=\"spalte-rechts\">\n\n<style type=\"text\/css\">\n.new-royalslider-5 .rsThumbsHor { height:48px; }\n.new-royalslider-5 .rsThumbsVer { width:64px; } \n\t\t\t.new-royalslider-5 .rsThumb { width: 64px; height: 48px; }\n<\/style>\n<div id=\"new-royalslider-5\" class=\"royalSlider new-royalslider-5 rsUni rs-image-gallery\" style=\"width:100%;height:500px;;\" data-rs-options='{&quot;template&quot;:&quot;default&quot;,&quot;image_generation&quot;:{&quot;lazyLoading&quot;:&quot;true&quot;,&quot;imageWidth&quot;:960,&quot;imageHeight&quot;:720,&quot;thumbImageWidth&quot;:128,&quot;thumbImageHeight&quot;:96},&quot;thumbs&quot;:{&quot;paddingTop&quot;:6,&quot;paddingBottom&quot;:6,&quot;thumbWidth&quot;:64,&quot;thumbHeight&quot;:48,&quot;appendSpan&quot;:&quot;true&quot;},&quot;autoPlay&quot;:{&quot;enabled&quot;:&quot;true&quot;,&quot;delay&quot;:3000},&quot;fullscreen&quot;:{&quot;enabled&quot;:&quot;true&quot;,&quot;nativeFS&quot;:&quot;true&quot;},&quot;width&quot;:&quot;100%&quot;,&quot;height&quot;:500,&quot;autoScaleSlider&quot;:&quot;true&quot;,&quot;autoScaleSliderWidth&quot;:960,&quot;autoScaleSliderHeight&quot;:720,&quot;imageScaleMode&quot;:&quot;fill&quot;,&quot;controlNavigation&quot;:&quot;thumbnails&quot;,&quot;arrowsNavAutoHide&quot;:&quot;false&quot;,&quot;globalCaptionInside&quot;:&quot;true&quot;,&quot;transitionType&quot;:&quot;fade&quot;,&quot;loop&quot;:&quot;true&quot;,&quot;sliderDrag&quot;:&quot;false&quot;,&quot;keyboardNavEnabled&quot;:&quot;true&quot;,&quot;fadeinLoadedSlide&quot;:&quot;false&quot;}'>\n<div class=\"rsContent\">\n  <a class=\"rsImg\" href=\"https:\/\/www.escsys.de\/wp-content\/uploads\/2014\/12\/ESC-Eingang-mit-Schild-960x720.jpg\" data-rsBigImg=\"https:\/\/www.escsys.de\/wp-content\/uploads\/2014\/12\/ESC-Eingang-mit-Schild.jpg\">Eingang mit Schild<\/a>\n  <div class=\"rsTmb\"><img decoding=\"async\" src=\"https:\/\/www.escsys.de\/wp-content\/uploads\/2014\/12\/ESC-Eingang-mit-Schild-128x96.jpg\" alt=\"\" \/><\/div>\n  \n  \n<\/div>\n<div class=\"rsContent\">\n  <a class=\"rsImg\" href=\"https:\/\/www.escsys.de\/wp-content\/uploads\/2014\/12\/ESC-Luftaufnahme.jpg\" data-rsBigImg=\"https:\/\/www.escsys.de\/wp-content\/uploads\/2014\/12\/ESC-Luftaufnahme.jpg\">Luftaufnahme<\/a>\n  <div class=\"rsTmb\"><img decoding=\"async\" src=\"https:\/\/www.escsys.de\/wp-content\/uploads\/2014\/12\/ESC-Luftaufnahme-128x96.jpg\" alt=\"\" \/><\/div>\n  \n  \n<\/div>\n<div class=\"rsContent\">\n  <a class=\"rsImg\" href=\"https:\/\/www.escsys.de\/wp-content\/uploads\/2014\/12\/ESC-Zertifikat-960x720.jpg\" data-rsBigImg=\"https:\/\/www.escsys.de\/wp-content\/uploads\/2014\/12\/ESC-Zertifikat.jpg\">Zertifikat<\/a>\n  <div class=\"rsTmb\"><img decoding=\"async\" src=\"https:\/\/www.escsys.de\/wp-content\/uploads\/2014\/12\/ESC-Zertifikat-128x96.jpg\" alt=\"\" \/><\/div>\n  \n  \n<\/div>\n\n<\/div>\n\n<\/div>\n\n\n<div class=\"spalten-clear\"><\/div>\n\n<\/div>\n","protected":false},"excerpt":{"rendered":"","protected":false},"author":3,"featured_media":0,"parent":0,"menu_order":0,"comment_status":"closed","ping_status":"closed","template":"","meta":{"footnotes":""},"class_list":["post-313","page","type-page","status-publish","hentry"],"_links":{"self":[{"href":"https:\/\/www.escsys.de\/fr\/wp-json\/wp\/v2\/pages\/313","targetHints":{"allow":["GET"]}}],"collection":[{"href":"https:\/\/www.escsys.de\/fr\/wp-json\/wp\/v2\/pages"}],"about":[{"href":"https:\/\/www.escsys.de\/fr\/wp-json\/wp\/v2\/types\/page"}],"author":[{"embeddable":true,"href":"https:\/\/www.escsys.de\/fr\/wp-json\/wp\/v2\/users\/3"}],"replies":[{"embeddable":true,"href":"https:\/\/www.escsys.de\/fr\/wp-json\/wp\/v2\/comments?post=313"}],"version-history":[{"count":6,"href":"https:\/\/www.escsys.de\/fr\/wp-json\/wp\/v2\/pages\/313\/revisions"}],"predecessor-version":[{"id":565,"href":"https:\/\/www.escsys.de\/fr\/wp-json\/wp\/v2\/pages\/313\/revisions\/565"}],"wp:attachment":[{"href":"https:\/\/www.escsys.de\/fr\/wp-json\/wp\/v2\/media?parent=313"}],"curies":[{"name":"wp","href":"https:\/\/api.w.org\/{rel}","templated":true}]}}