{"id":309,"date":"2014-12-30T20:09:29","date_gmt":"2014-12-30T20:09:29","guid":{"rendered":"http:\/\/esc.dpr2.de\/?page_id=309"},"modified":"2015-01-02T16:33:21","modified_gmt":"2015-01-02T16:33:21","slug":"delaquage-a-facon","status":"publish","type":"page","link":"https:\/\/www.escsys.de\/fr\/delaquage-a-facon\/","title":{"rendered":"D\u00e9laquage \u00e0 Fa\u00e7on"},"content":{"rendered":"<div class=\"spalten\">\n<div class=\"spalte-links\">\n<p>Nous utilisons nos propres syst\u00e8mes pour nettoyer des pi\u00e8ces et outils de grande qualit\u00e9 dans notre propre entreprise.<\/p>\n<p>\u2019exp\u00e9rience accumul\u00e9e profite \u00e0 notre constante \u00e9volution.<\/p>\n<p>Notre point fort est notre adaptabilit\u00e9. Lorsque les solutions standard atteignent leurs limites, une modification cibl\u00e9e de l\u2019ing\u00e9nierie des syst\u00e8mes et de la chimie nous permet une optimisation personnalis\u00e9e \u2013 m\u00eame pour les d\u00e9laquages les plus coriaces.<\/p>\n<p>Venez constater notre savoir-faire et rendez nous visite \u00e0 notre Centre technique. Vous serez les bienvenus!<\/p>\n<\/div>\n<div class=\"spalte-rechts\">\n\n<style type=\"text\/css\">\n.new-royalslider-5 .rsThumbsHor { height:48px; }\n.new-royalslider-5 .rsThumbsVer { width:64px; } \n\t\t\t.new-royalslider-5 .rsThumb { width: 64px; height: 48px; }\n<\/style>\n<div id=\"new-royalslider-5\" class=\"royalSlider new-royalslider-5 rsUni rs-image-gallery\" style=\"width:100%;height:500px;;\" data-rs-options='{&quot;template&quot;:&quot;default&quot;,&quot;image_generation&quot;:{&quot;lazyLoading&quot;:&quot;true&quot;,&quot;imageWidth&quot;:960,&quot;imageHeight&quot;:720,&quot;thumbImageWidth&quot;:128,&quot;thumbImageHeight&quot;:96},&quot;thumbs&quot;:{&quot;paddingTop&quot;:6,&quot;paddingBottom&quot;:6,&quot;thumbWidth&quot;:64,&quot;thumbHeight&quot;:48,&quot;appendSpan&quot;:&quot;true&quot;},&quot;autoPlay&quot;:{&quot;enabled&quot;:&quot;true&quot;,&quot;delay&quot;:3000},&quot;fullscreen&quot;:{&quot;enabled&quot;:&quot;true&quot;,&quot;nativeFS&quot;:&quot;true&quot;},&quot;width&quot;:&quot;100%&quot;,&quot;height&quot;:500,&quot;autoScaleSlider&quot;:&quot;true&quot;,&quot;autoScaleSliderWidth&quot;:960,&quot;autoScaleSliderHeight&quot;:720,&quot;imageScaleMode&quot;:&quot;fill&quot;,&quot;controlNavigation&quot;:&quot;thumbnails&quot;,&quot;arrowsNavAutoHide&quot;:&quot;false&quot;,&quot;globalCaptionInside&quot;:&quot;true&quot;,&quot;transitionType&quot;:&quot;fade&quot;,&quot;loop&quot;:&quot;true&quot;,&quot;sliderDrag&quot;:&quot;false&quot;,&quot;keyboardNavEnabled&quot;:&quot;true&quot;,&quot;fadeinLoadedSlide&quot;:&quot;false&quot;}'>\n<div class=\"rsContent\">\n  <a class=\"rsImg\" href=\"https:\/\/www.escsys.de\/wp-content\/uploads\/2014\/12\/Lohnentlackung_01-960x720.jpg\" data-rsBigImg=\"https:\/\/www.escsys.de\/wp-content\/uploads\/2014\/12\/Lohnentlackung_01.jpg\">Lohnentlackung_01<\/a>\n  <div class=\"rsTmb\"><img decoding=\"async\" src=\"https:\/\/www.escsys.de\/wp-content\/uploads\/2014\/12\/Lohnentlackung_01-128x96.jpg\" alt=\"\" \/><\/div>\n  \n  \n<\/div>\n<div class=\"rsContent\">\n  <a class=\"rsImg\" href=\"https:\/\/www.escsys.de\/wp-content\/uploads\/2014\/12\/Lohnentlackung_02-960x720.jpg\" data-rsBigImg=\"https:\/\/www.escsys.de\/wp-content\/uploads\/2014\/12\/Lohnentlackung_02.jpg\">Lohnentlackung_02<\/a>\n  <div class=\"rsTmb\"><img decoding=\"async\" src=\"https:\/\/www.escsys.de\/wp-content\/uploads\/2014\/12\/Lohnentlackung_02-128x96.jpg\" alt=\"\" \/><\/div>\n  \n  \n<\/div>\n<div class=\"rsContent\">\n  <a class=\"rsImg\" href=\"https:\/\/www.escsys.de\/wp-content\/uploads\/2014\/12\/Lohnentlackung_03-960x720.jpg\" data-rsBigImg=\"https:\/\/www.escsys.de\/wp-content\/uploads\/2014\/12\/Lohnentlackung_03.jpg\">Lohnentlackung_03<\/a>\n  <div class=\"rsTmb\"><img decoding=\"async\" src=\"https:\/\/www.escsys.de\/wp-content\/uploads\/2014\/12\/Lohnentlackung_03-128x96.jpg\" alt=\"\" \/><\/div>\n  \n  \n<\/div>\n<div class=\"rsContent\">\n  <a class=\"rsImg\" href=\"https:\/\/www.escsys.de\/wp-content\/uploads\/2014\/12\/Lohnentlackung_04-960x720.jpg\" data-rsBigImg=\"https:\/\/www.escsys.de\/wp-content\/uploads\/2014\/12\/Lohnentlackung_04.jpg\">Lohnentlackung_04<\/a>\n  <div class=\"rsTmb\"><img decoding=\"async\" src=\"https:\/\/www.escsys.de\/wp-content\/uploads\/2014\/12\/Lohnentlackung_04-128x96.jpg\" alt=\"\" \/><\/div>\n  \n  \n<\/div>\n<div class=\"rsContent\">\n  <a class=\"rsImg\" href=\"https:\/\/www.escsys.de\/wp-content\/uploads\/2014\/12\/Lohnentlackung_05-960x720.jpg\" data-rsBigImg=\"https:\/\/www.escsys.de\/wp-content\/uploads\/2014\/12\/Lohnentlackung_05.jpg\">Lohnentlackung_05<\/a>\n  <div class=\"rsTmb\"><img decoding=\"async\" src=\"https:\/\/www.escsys.de\/wp-content\/uploads\/2014\/12\/Lohnentlackung_05-128x96.jpg\" alt=\"\" \/><\/div>\n  \n  \n<\/div>\n<div class=\"rsContent\">\n  <a class=\"rsImg\" href=\"https:\/\/www.escsys.de\/wp-content\/uploads\/2014\/12\/Lohnentlackung_06-960x720.jpg\" data-rsBigImg=\"https:\/\/www.escsys.de\/wp-content\/uploads\/2014\/12\/Lohnentlackung_06.jpg\">Lohnentlackung_06<\/a>\n  <div class=\"rsTmb\"><img decoding=\"async\" src=\"https:\/\/www.escsys.de\/wp-content\/uploads\/2014\/12\/Lohnentlackung_06-128x96.jpg\" alt=\"\" \/><\/div>\n  \n  \n<\/div>\n<div class=\"rsContent\">\n  <a class=\"rsImg\" href=\"https:\/\/www.escsys.de\/wp-content\/uploads\/2014\/12\/Lohnentlackung_07-960x720.jpg\" data-rsBigImg=\"https:\/\/www.escsys.de\/wp-content\/uploads\/2014\/12\/Lohnentlackung_07.jpg\">Lohnentlackung_07<\/a>\n  <div class=\"rsTmb\"><img decoding=\"async\" src=\"https:\/\/www.escsys.de\/wp-content\/uploads\/2014\/12\/Lohnentlackung_07-128x96.jpg\" alt=\"\" \/><\/div>\n  \n  \n<\/div>\n<div class=\"rsContent\">\n  <a class=\"rsImg\" href=\"https:\/\/www.escsys.de\/wp-content\/uploads\/2014\/12\/Lohnentlackung_08-960x720.jpg\" data-rsBigImg=\"https:\/\/www.escsys.de\/wp-content\/uploads\/2014\/12\/Lohnentlackung_08.jpg\">Lohnentlackung_08<\/a>\n  <div class=\"rsTmb\"><img decoding=\"async\" src=\"https:\/\/www.escsys.de\/wp-content\/uploads\/2014\/12\/Lohnentlackung_08-128x96.jpg\" alt=\"\" \/><\/div>\n  \n  \n<\/div>\n\n<\/div>\n\n<\/div>\n\n\n<div class=\"spalten-clear\"><\/div>\n\n<\/div>\n","protected":false},"excerpt":{"rendered":"","protected":false},"author":3,"featured_media":0,"parent":0,"menu_order":0,"comment_status":"closed","ping_status":"closed","template":"","meta":{"footnotes":""},"class_list":["post-309","page","type-page","status-publish","hentry"],"_links":{"self":[{"href":"https:\/\/www.escsys.de\/fr\/wp-json\/wp\/v2\/pages\/309","targetHints":{"allow":["GET"]}}],"collection":[{"href":"https:\/\/www.escsys.de\/fr\/wp-json\/wp\/v2\/pages"}],"about":[{"href":"https:\/\/www.escsys.de\/fr\/wp-json\/wp\/v2\/types\/page"}],"author":[{"embeddable":true,"href":"https:\/\/www.escsys.de\/fr\/wp-json\/wp\/v2\/users\/3"}],"replies":[{"embeddable":true,"href":"https:\/\/www.escsys.de\/fr\/wp-json\/wp\/v2\/comments?post=309"}],"version-history":[{"count":3,"href":"https:\/\/www.escsys.de\/fr\/wp-json\/wp\/v2\/pages\/309\/revisions"}],"predecessor-version":[{"id":407,"href":"https:\/\/www.escsys.de\/fr\/wp-json\/wp\/v2\/pages\/309\/revisions\/407"}],"wp:attachment":[{"href":"https:\/\/www.escsys.de\/fr\/wp-json\/wp\/v2\/media?parent=309"}],"curies":[{"name":"wp","href":"https:\/\/api.w.org\/{rel}","templated":true}]}}