{"id":305,"date":"2014-12-30T20:04:52","date_gmt":"2014-12-30T20:04:52","guid":{"rendered":"http:\/\/esc.dpr2.de\/?page_id=305"},"modified":"2015-01-02T16:35:45","modified_gmt":"2015-01-02T16:35:45","slug":"produits-de-delaquage","status":"publish","type":"page","link":"https:\/\/www.escsys.de\/fr\/produits-de-delaquage\/","title":{"rendered":"Produits de D\u00e9laquage"},"content":{"rendered":"<div class=\"spalten\">\n<div class=\"spalte-links\">\n<p>Les produits chimiques de la gamme ESClean\u00ae sont sp\u00e9cialement con\u00e7us pour les stations de d\u00e9laquage ESC. Les produits ESClean\u00ae sont mis au point par nos soins dans notre usine de Geislingen.<\/p>\n<p>Le choix du produit ESClean\u00ae adapt\u00e9 d\u00e9pend de la t\u00e2che \u00e0 accomplir et de vos exigences.<\/p>\n<p>Notre Laboratoire et notre Centre technique vous assisteront dans vos choix et tout au long de votre utilisation.<\/p>\n<p>Notre \u00abFull-Service chimie\u00bb inclut \u00e9galement la reprise volontaire des d\u00e9chets issus du d\u00e9laquage et du d\u00e9capage conform\u00e9ment \u00e0 la loi allemande sur le cycle des mati\u00e8res et les d\u00e9chets.<\/p>\n<p>ESClean\u00ae est une marque d\u00e9pos\u00e9e de ESC GmbH.<\/p>\n<\/div>\n<div class=\"spalte-rechts\">\n\n<style type=\"text\/css\">\n.new-royalslider-5 .rsThumbsHor { height:48px; }\n.new-royalslider-5 .rsThumbsVer { width:64px; } \n\t\t\t.new-royalslider-5 .rsThumb { width: 64px; height: 48px; }\n<\/style>\n<div id=\"new-royalslider-5\" class=\"royalSlider new-royalslider-5 rsUni rs-image-gallery\" style=\"width:100%;height:500px;;\" data-rs-options='{&quot;template&quot;:&quot;default&quot;,&quot;image_generation&quot;:{&quot;lazyLoading&quot;:&quot;true&quot;,&quot;imageWidth&quot;:960,&quot;imageHeight&quot;:720,&quot;thumbImageWidth&quot;:128,&quot;thumbImageHeight&quot;:96},&quot;thumbs&quot;:{&quot;paddingTop&quot;:6,&quot;paddingBottom&quot;:6,&quot;thumbWidth&quot;:64,&quot;thumbHeight&quot;:48,&quot;appendSpan&quot;:&quot;true&quot;},&quot;autoPlay&quot;:{&quot;enabled&quot;:&quot;true&quot;,&quot;delay&quot;:3000},&quot;fullscreen&quot;:{&quot;enabled&quot;:&quot;true&quot;,&quot;nativeFS&quot;:&quot;true&quot;},&quot;width&quot;:&quot;100%&quot;,&quot;height&quot;:500,&quot;autoScaleSlider&quot;:&quot;true&quot;,&quot;autoScaleSliderWidth&quot;:960,&quot;autoScaleSliderHeight&quot;:720,&quot;imageScaleMode&quot;:&quot;fill&quot;,&quot;controlNavigation&quot;:&quot;thumbnails&quot;,&quot;arrowsNavAutoHide&quot;:&quot;false&quot;,&quot;globalCaptionInside&quot;:&quot;true&quot;,&quot;transitionType&quot;:&quot;fade&quot;,&quot;loop&quot;:&quot;true&quot;,&quot;sliderDrag&quot;:&quot;false&quot;,&quot;keyboardNavEnabled&quot;:&quot;true&quot;,&quot;fadeinLoadedSlide&quot;:&quot;false&quot;}'>\n<div class=\"rsContent\">\n  <a class=\"rsImg\" href=\"https:\/\/www.escsys.de\/wp-content\/uploads\/2014\/12\/Entlackungschemie-01-960x720.jpg\" data-rsBigImg=\"https:\/\/www.escsys.de\/wp-content\/uploads\/2014\/12\/Entlackungschemie-01.jpg\">Entlackungschemie-01<\/a>\n  <div class=\"rsTmb\"><img decoding=\"async\" src=\"https:\/\/www.escsys.de\/wp-content\/uploads\/2014\/12\/Entlackungschemie-01-128x96.jpg\" alt=\"\" \/><\/div>\n  \n  \n<\/div>\n<div class=\"rsContent\">\n  <a class=\"rsImg\" href=\"https:\/\/www.escsys.de\/wp-content\/uploads\/2014\/12\/Entlackungschemie-02-960x720.jpg\" data-rsBigImg=\"https:\/\/www.escsys.de\/wp-content\/uploads\/2014\/12\/Entlackungschemie-02.jpg\">Entlackungschemie-02<\/a>\n  <div class=\"rsTmb\"><img decoding=\"async\" src=\"https:\/\/www.escsys.de\/wp-content\/uploads\/2014\/12\/Entlackungschemie-02-128x96.jpg\" alt=\"\" \/><\/div>\n  \n  \n<\/div>\n<div class=\"rsContent\">\n  <a class=\"rsImg\" href=\"https:\/\/www.escsys.de\/wp-content\/uploads\/2014\/12\/Entlackungschemie-03-960x720.jpg\" data-rsBigImg=\"https:\/\/www.escsys.de\/wp-content\/uploads\/2014\/12\/Entlackungschemie-03.jpg\">Entlackungschemie-03<\/a>\n  <div class=\"rsTmb\"><img decoding=\"async\" src=\"https:\/\/www.escsys.de\/wp-content\/uploads\/2014\/12\/Entlackungschemie-03-128x96.jpg\" alt=\"\" \/><\/div>\n  \n  \n<\/div>\n<div class=\"rsContent\">\n  <a class=\"rsImg\" href=\"https:\/\/www.escsys.de\/wp-content\/uploads\/2014\/12\/Entlackungschemie-04-960x720.jpg\" data-rsBigImg=\"https:\/\/www.escsys.de\/wp-content\/uploads\/2014\/12\/Entlackungschemie-04.jpg\">Entlackungschemie-04<\/a>\n  <div class=\"rsTmb\"><img decoding=\"async\" src=\"https:\/\/www.escsys.de\/wp-content\/uploads\/2014\/12\/Entlackungschemie-04-128x96.jpg\" alt=\"\" \/><\/div>\n  \n  \n<\/div>\n<div class=\"rsContent\">\n  <a class=\"rsImg\" href=\"https:\/\/www.escsys.de\/wp-content\/uploads\/2014\/12\/Entlackungschemie-05-960x720.jpg\" data-rsBigImg=\"https:\/\/www.escsys.de\/wp-content\/uploads\/2014\/12\/Entlackungschemie-05.jpg\">Entlackungschemie-05<\/a>\n  <div class=\"rsTmb\"><img decoding=\"async\" src=\"https:\/\/www.escsys.de\/wp-content\/uploads\/2014\/12\/Entlackungschemie-05-128x96.jpg\" alt=\"\" \/><\/div>\n  \n  \n<\/div>\n<div class=\"rsContent\">\n  <a class=\"rsImg\" href=\"https:\/\/www.escsys.de\/wp-content\/uploads\/2014\/12\/Entlackungschemie-06-960x720.jpg\" data-rsBigImg=\"https:\/\/www.escsys.de\/wp-content\/uploads\/2014\/12\/Entlackungschemie-06.jpg\">Entlackungschemie-06<\/a>\n  <div class=\"rsTmb\"><img decoding=\"async\" src=\"https:\/\/www.escsys.de\/wp-content\/uploads\/2014\/12\/Entlackungschemie-06-128x96.jpg\" alt=\"\" \/><\/div>\n  \n  \n<\/div>\n<div class=\"rsContent\">\n  <a class=\"rsImg\" href=\"https:\/\/www.escsys.de\/wp-content\/uploads\/2014\/12\/Entlackungschemie-07-960x720.jpg\" data-rsBigImg=\"https:\/\/www.escsys.de\/wp-content\/uploads\/2014\/12\/Entlackungschemie-07.jpg\">Entlackungschemie-07<\/a>\n  <div class=\"rsTmb\"><img decoding=\"async\" src=\"https:\/\/www.escsys.de\/wp-content\/uploads\/2014\/12\/Entlackungschemie-07-128x96.jpg\" alt=\"\" \/><\/div>\n  \n  \n<\/div>\n<div class=\"rsContent\">\n  <a class=\"rsImg\" href=\"https:\/\/www.escsys.de\/wp-content\/uploads\/2014\/12\/Entlackungschemie-08-960x720.jpg\" data-rsBigImg=\"https:\/\/www.escsys.de\/wp-content\/uploads\/2014\/12\/Entlackungschemie-08.jpg\">Entlackungschemie-08<\/a>\n  <div class=\"rsTmb\"><img decoding=\"async\" src=\"https:\/\/www.escsys.de\/wp-content\/uploads\/2014\/12\/Entlackungschemie-08-128x96.jpg\" alt=\"\" \/><\/div>\n  \n  \n<\/div>\n<div class=\"rsContent\">\n  <a class=\"rsImg\" href=\"https:\/\/www.escsys.de\/wp-content\/uploads\/2014\/12\/Entlackungschemie-09-960x720.jpg\" data-rsBigImg=\"https:\/\/www.escsys.de\/wp-content\/uploads\/2014\/12\/Entlackungschemie-09.jpg\">Entlackungschemie-09<\/a>\n  <div class=\"rsTmb\"><img decoding=\"async\" src=\"https:\/\/www.escsys.de\/wp-content\/uploads\/2014\/12\/Entlackungschemie-09-128x96.jpg\" alt=\"\" \/><\/div>\n  \n  \n<\/div>\n<div class=\"rsContent\">\n  <a class=\"rsImg\" href=\"https:\/\/www.escsys.de\/wp-content\/uploads\/2014\/12\/Entlackungschemie-10-960x720.jpg\" data-rsBigImg=\"https:\/\/www.escsys.de\/wp-content\/uploads\/2014\/12\/Entlackungschemie-10.jpg\">Entlackungschemie-10<\/a>\n  <div class=\"rsTmb\"><img decoding=\"async\" src=\"https:\/\/www.escsys.de\/wp-content\/uploads\/2014\/12\/Entlackungschemie-10-128x96.jpg\" alt=\"\" \/><\/div>\n  \n  \n<\/div>\n\n<\/div>\n\n<\/div>\n\n\n<div class=\"spalten-clear\"><\/div>\n\n<\/div>\n","protected":false},"excerpt":{"rendered":"","protected":false},"author":3,"featured_media":0,"parent":0,"menu_order":0,"comment_status":"closed","ping_status":"closed","template":"","meta":{"footnotes":""},"class_list":["post-305","page","type-page","status-publish","hentry"],"_links":{"self":[{"href":"https:\/\/www.escsys.de\/fr\/wp-json\/wp\/v2\/pages\/305","targetHints":{"allow":["GET"]}}],"collection":[{"href":"https:\/\/www.escsys.de\/fr\/wp-json\/wp\/v2\/pages"}],"about":[{"href":"https:\/\/www.escsys.de\/fr\/wp-json\/wp\/v2\/types\/page"}],"author":[{"embeddable":true,"href":"https:\/\/www.escsys.de\/fr\/wp-json\/wp\/v2\/users\/3"}],"replies":[{"embeddable":true,"href":"https:\/\/www.escsys.de\/fr\/wp-json\/wp\/v2\/comments?post=305"}],"version-history":[{"count":4,"href":"https:\/\/www.escsys.de\/fr\/wp-json\/wp\/v2\/pages\/305\/revisions"}],"predecessor-version":[{"id":410,"href":"https:\/\/www.escsys.de\/fr\/wp-json\/wp\/v2\/pages\/305\/revisions\/410"}],"wp:attachment":[{"href":"https:\/\/www.escsys.de\/fr\/wp-json\/wp\/v2\/media?parent=305"}],"curies":[{"name":"wp","href":"https:\/\/api.w.org\/{rel}","templated":true}]}}