{"id":301,"date":"2014-12-30T19:40:22","date_gmt":"2014-12-30T19:40:22","guid":{"rendered":"http:\/\/esc.dpr2.de\/?page_id=301"},"modified":"2015-01-02T16:37:37","modified_gmt":"2015-01-02T16:37:37","slug":"systemes-de-delaquage","status":"publish","type":"page","link":"https:\/\/www.escsys.de\/fr\/systemes-de-delaquage\/","title":{"rendered":"Syst\u00e8mes de D\u00e9laquage"},"content":{"rendered":"<div class=\"spalten\">\n<div class=\"spalte-links\">\n<p>Les installations ESC de d\u00e9laquage ont \u00e9t\u00e9 valid\u00e9es en pratique et ont fait leurs preuves. Elles r\u00e9sultent de 20 ans d\u2019exp\u00e9rience dans le domaine du d\u00e9laquage industriel.<\/p>\n<p>La structure modulaire permet de combiner les diff\u00e9rents modules pour former des syst\u00e8mes performants de d\u00e9laquage.<\/p>\n<p>Ces syst\u00e8mes n\u2019ont pas besoin d\u2019autorisation au sens de la 4e Ordonnance f\u00e9d\u00e9rale sur les immissions (BImschV). Ils sont simples d\u2019installation et fonctionnent, selon votre demande, sans \u00e9missions d&rsquo;air et sans eaux us\u00e9es.<\/p>\n<p>En \u00e9troite collaboration avec nos clients, nous travaillons continuellement pour r\u00e9pondre aux nouveaux d\u00e9fis et d\u00e9velopper des produits. Notre centre technologique dispose d&rsquo;un \u00e9quipement moderne et est toujours \u00e0 la disposition des clients int\u00e9ress\u00e9s pour effectuer sans engagement des tests et des d\u00e9monstrations.<\/p>\n<\/div>\n<div class=\"spalte-rechts\">\n\n<style type=\"text\/css\">\n.new-royalslider-5 .rsThumbsHor { height:48px; }\n.new-royalslider-5 .rsThumbsVer { width:64px; } \n\t\t\t.new-royalslider-5 .rsThumb { width: 64px; height: 48px; }\n<\/style>\n<div id=\"new-royalslider-5\" class=\"royalSlider new-royalslider-5 rsUni rs-image-gallery\" style=\"width:100%;height:500px;;\" data-rs-options='{&quot;template&quot;:&quot;default&quot;,&quot;image_generation&quot;:{&quot;lazyLoading&quot;:&quot;true&quot;,&quot;imageWidth&quot;:960,&quot;imageHeight&quot;:720,&quot;thumbImageWidth&quot;:128,&quot;thumbImageHeight&quot;:96},&quot;thumbs&quot;:{&quot;paddingTop&quot;:6,&quot;paddingBottom&quot;:6,&quot;thumbWidth&quot;:64,&quot;thumbHeight&quot;:48,&quot;appendSpan&quot;:&quot;true&quot;},&quot;autoPlay&quot;:{&quot;enabled&quot;:&quot;true&quot;,&quot;delay&quot;:3000},&quot;fullscreen&quot;:{&quot;enabled&quot;:&quot;true&quot;,&quot;nativeFS&quot;:&quot;true&quot;},&quot;width&quot;:&quot;100%&quot;,&quot;height&quot;:500,&quot;autoScaleSlider&quot;:&quot;true&quot;,&quot;autoScaleSliderWidth&quot;:960,&quot;autoScaleSliderHeight&quot;:720,&quot;imageScaleMode&quot;:&quot;fill&quot;,&quot;controlNavigation&quot;:&quot;thumbnails&quot;,&quot;arrowsNavAutoHide&quot;:&quot;false&quot;,&quot;globalCaptionInside&quot;:&quot;true&quot;,&quot;transitionType&quot;:&quot;fade&quot;,&quot;loop&quot;:&quot;true&quot;,&quot;sliderDrag&quot;:&quot;false&quot;,&quot;keyboardNavEnabled&quot;:&quot;true&quot;,&quot;fadeinLoadedSlide&quot;:&quot;false&quot;}'>\n<div class=\"rsContent\">\n  <a class=\"rsImg\" href=\"https:\/\/www.escsys.de\/wp-content\/uploads\/2014\/12\/Entlackungsanlage_01-960x714.jpg\" data-rsBigImg=\"https:\/\/www.escsys.de\/wp-content\/uploads\/2014\/12\/Entlackungsanlage_01.jpg\">Entlackungsanlage_01<\/a>\n  <div class=\"rsTmb\"><img decoding=\"async\" src=\"https:\/\/www.escsys.de\/wp-content\/uploads\/2014\/12\/Entlackungsanlage_01-128x96.jpg\" alt=\"\" \/><\/div>\n  \n  \n<\/div>\n<div class=\"rsContent\">\n  <a class=\"rsImg\" href=\"https:\/\/www.escsys.de\/wp-content\/uploads\/2014\/12\/Entlackungsanlage_02-960x720.jpg\" data-rsBigImg=\"https:\/\/www.escsys.de\/wp-content\/uploads\/2014\/12\/Entlackungsanlage_02.jpg\">Entlackungsanlage_02<\/a>\n  <div class=\"rsTmb\"><img decoding=\"async\" src=\"https:\/\/www.escsys.de\/wp-content\/uploads\/2014\/12\/Entlackungsanlage_02-128x96.jpg\" alt=\"\" \/><\/div>\n  \n  \n<\/div>\n<div class=\"rsContent\">\n  <a class=\"rsImg\" href=\"https:\/\/www.escsys.de\/wp-content\/uploads\/2014\/12\/Entlackungsanlage_03-960x720.jpg\" data-rsBigImg=\"https:\/\/www.escsys.de\/wp-content\/uploads\/2014\/12\/Entlackungsanlage_03.jpg\">Entlackungsanlage_03<\/a>\n  <div class=\"rsTmb\"><img decoding=\"async\" src=\"https:\/\/www.escsys.de\/wp-content\/uploads\/2014\/12\/Entlackungsanlage_03-128x96.jpg\" alt=\"\" \/><\/div>\n  \n  \n<\/div>\n<div class=\"rsContent\">\n  <a class=\"rsImg\" href=\"https:\/\/www.escsys.de\/wp-content\/uploads\/2014\/12\/Entlackungsanlage_04-960x720.jpg\" data-rsBigImg=\"https:\/\/www.escsys.de\/wp-content\/uploads\/2014\/12\/Entlackungsanlage_04.jpg\">Entlackungsanlage_04<\/a>\n  <div class=\"rsTmb\"><img decoding=\"async\" src=\"https:\/\/www.escsys.de\/wp-content\/uploads\/2014\/12\/Entlackungsanlage_04-128x96.jpg\" alt=\"\" \/><\/div>\n  \n  \n<\/div>\n<div class=\"rsContent\">\n  <a class=\"rsImg\" href=\"https:\/\/www.escsys.de\/wp-content\/uploads\/2014\/12\/Entlackungsanlage_05-960x720.jpg\" data-rsBigImg=\"https:\/\/www.escsys.de\/wp-content\/uploads\/2014\/12\/Entlackungsanlage_05.jpg\">Entlackungsanlage_05<\/a>\n  <div class=\"rsTmb\"><img decoding=\"async\" src=\"https:\/\/www.escsys.de\/wp-content\/uploads\/2014\/12\/Entlackungsanlage_05-128x96.jpg\" alt=\"\" \/><\/div>\n  \n  \n<\/div>\n<div class=\"rsContent\">\n  <a class=\"rsImg\" href=\"https:\/\/www.escsys.de\/wp-content\/uploads\/2014\/12\/Entlackungsanlage_06-960x720.jpg\" data-rsBigImg=\"https:\/\/www.escsys.de\/wp-content\/uploads\/2014\/12\/Entlackungsanlage_06.jpg\">Entlackungsanlage_06<\/a>\n  <div class=\"rsTmb\"><img decoding=\"async\" src=\"https:\/\/www.escsys.de\/wp-content\/uploads\/2014\/12\/Entlackungsanlage_06-128x96.jpg\" alt=\"\" \/><\/div>\n  \n  \n<\/div>\n<div class=\"rsContent\">\n  <a class=\"rsImg\" href=\"https:\/\/www.escsys.de\/wp-content\/uploads\/2014\/12\/Entlackungsanlage_07-960x720.jpg\" data-rsBigImg=\"https:\/\/www.escsys.de\/wp-content\/uploads\/2014\/12\/Entlackungsanlage_07.jpg\">Entlackungsanlage_07<\/a>\n  <div class=\"rsTmb\"><img decoding=\"async\" src=\"https:\/\/www.escsys.de\/wp-content\/uploads\/2014\/12\/Entlackungsanlage_07-128x96.jpg\" alt=\"\" \/><\/div>\n  \n  \n<\/div>\n<div class=\"rsContent\">\n  <a class=\"rsImg\" href=\"https:\/\/www.escsys.de\/wp-content\/uploads\/2014\/12\/Entlackungsanlage_08-960x720.jpg\" data-rsBigImg=\"https:\/\/www.escsys.de\/wp-content\/uploads\/2014\/12\/Entlackungsanlage_08.jpg\">Entlackungsanlage_08<\/a>\n  <div class=\"rsTmb\"><img decoding=\"async\" src=\"https:\/\/www.escsys.de\/wp-content\/uploads\/2014\/12\/Entlackungsanlage_08-128x96.jpg\" alt=\"\" \/><\/div>\n  \n  \n<\/div>\n<div class=\"rsContent\">\n  <a class=\"rsImg\" href=\"https:\/\/www.escsys.de\/wp-content\/uploads\/2014\/12\/Entlackungsanlage_09-960x559.jpg\" data-rsBigImg=\"https:\/\/www.escsys.de\/wp-content\/uploads\/2014\/12\/Entlackungsanlage_09.jpg\">Entlackungsanlage_09<\/a>\n  <div class=\"rsTmb\"><img decoding=\"async\" src=\"https:\/\/www.escsys.de\/wp-content\/uploads\/2014\/12\/Entlackungsanlage_09-128x96.jpg\" alt=\"\" \/><\/div>\n  \n  \n<\/div>\n<div class=\"rsContent\">\n  <a class=\"rsImg\" href=\"https:\/\/www.escsys.de\/wp-content\/uploads\/2014\/12\/Entlackungsanlage_10-960x720.jpg\" data-rsBigImg=\"https:\/\/www.escsys.de\/wp-content\/uploads\/2014\/12\/Entlackungsanlage_10.jpg\">Entlackungsanlage_10<\/a>\n  <div class=\"rsTmb\"><img decoding=\"async\" src=\"https:\/\/www.escsys.de\/wp-content\/uploads\/2014\/12\/Entlackungsanlage_10-128x96.jpg\" alt=\"\" \/><\/div>\n  \n  \n<\/div>\n<div class=\"rsContent\">\n  <a class=\"rsImg\" href=\"https:\/\/www.escsys.de\/wp-content\/uploads\/2014\/12\/Entlackungsanlage_11-960x720.jpg\" data-rsBigImg=\"https:\/\/www.escsys.de\/wp-content\/uploads\/2014\/12\/Entlackungsanlage_11.jpg\">Entlackungsanlage_11<\/a>\n  <div class=\"rsTmb\"><img decoding=\"async\" src=\"https:\/\/www.escsys.de\/wp-content\/uploads\/2014\/12\/Entlackungsanlage_11-128x96.jpg\" alt=\"\" \/><\/div>\n  \n  \n<\/div>\n<div class=\"rsContent\">\n  <a class=\"rsImg\" href=\"https:\/\/www.escsys.de\/wp-content\/uploads\/2014\/12\/Entlackungsanlage_12-960x720.jpg\" data-rsBigImg=\"https:\/\/www.escsys.de\/wp-content\/uploads\/2014\/12\/Entlackungsanlage_12.jpg\">Entlackungsanlage_12<\/a>\n  <div class=\"rsTmb\"><img decoding=\"async\" src=\"https:\/\/www.escsys.de\/wp-content\/uploads\/2014\/12\/Entlackungsanlage_12-128x96.jpg\" alt=\"\" \/><\/div>\n  \n  \n<\/div>\n<div class=\"rsContent\">\n  <a class=\"rsImg\" href=\"https:\/\/www.escsys.de\/wp-content\/uploads\/2014\/12\/Entlackungsanlage_13-960x720.jpg\" data-rsBigImg=\"https:\/\/www.escsys.de\/wp-content\/uploads\/2014\/12\/Entlackungsanlage_13.jpg\">Entlackungsanlage_13<\/a>\n  <div class=\"rsTmb\"><img decoding=\"async\" src=\"https:\/\/www.escsys.de\/wp-content\/uploads\/2014\/12\/Entlackungsanlage_13-128x96.jpg\" alt=\"\" \/><\/div>\n  \n  \n<\/div>\n<div class=\"rsContent\">\n  <a class=\"rsImg\" href=\"https:\/\/www.escsys.de\/wp-content\/uploads\/2014\/12\/Entlackungsanlage_14-960x610.jpg\" data-rsBigImg=\"https:\/\/www.escsys.de\/wp-content\/uploads\/2014\/12\/Entlackungsanlage_14.jpg\">Entlackungsanlage_14<\/a>\n  <div class=\"rsTmb\"><img decoding=\"async\" src=\"https:\/\/www.escsys.de\/wp-content\/uploads\/2014\/12\/Entlackungsanlage_14-128x96.jpg\" alt=\"\" \/><\/div>\n  \n  \n<\/div>\n\n<\/div>\n\n<\/div>\n\n\n<div class=\"spalten-clear\"><\/div>\n\n<\/div>\n","protected":false},"excerpt":{"rendered":"","protected":false},"author":3,"featured_media":0,"parent":0,"menu_order":0,"comment_status":"closed","ping_status":"closed","template":"","meta":{"footnotes":""},"class_list":["post-301","page","type-page","status-publish","hentry"],"_links":{"self":[{"href":"https:\/\/www.escsys.de\/fr\/wp-json\/wp\/v2\/pages\/301","targetHints":{"allow":["GET"]}}],"collection":[{"href":"https:\/\/www.escsys.de\/fr\/wp-json\/wp\/v2\/pages"}],"about":[{"href":"https:\/\/www.escsys.de\/fr\/wp-json\/wp\/v2\/types\/page"}],"author":[{"embeddable":true,"href":"https:\/\/www.escsys.de\/fr\/wp-json\/wp\/v2\/users\/3"}],"replies":[{"embeddable":true,"href":"https:\/\/www.escsys.de\/fr\/wp-json\/wp\/v2\/comments?post=301"}],"version-history":[{"count":2,"href":"https:\/\/www.escsys.de\/fr\/wp-json\/wp\/v2\/pages\/301\/revisions"}],"predecessor-version":[{"id":412,"href":"https:\/\/www.escsys.de\/fr\/wp-json\/wp\/v2\/pages\/301\/revisions\/412"}],"wp:attachment":[{"href":"https:\/\/www.escsys.de\/fr\/wp-json\/wp\/v2\/media?parent=301"}],"curies":[{"name":"wp","href":"https:\/\/api.w.org\/{rel}","templated":true}]}}