{"id":44,"date":"2014-12-14T16:52:13","date_gmt":"2014-12-14T16:52:13","guid":{"rendered":"http:\/\/esc.dpr2.de\/?page_id=44"},"modified":"2014-12-25T16:19:19","modified_gmt":"2014-12-25T16:19:19","slug":"lohnentlackung","status":"publish","type":"page","link":"https:\/\/www.escsys.de\/de\/dienstleistungen\/lohnentlackung\/","title":{"rendered":"Entlackungen im eigenen Haus"},"content":{"rendered":"<div class=\"spalten\">\n<div class=\"spalte-links\">\n<p>Wir selbst nutzen unsere Verfahren im eigenen \u2028Lohnbetrieb zur Entlackung von hochwertigen Werkzeugen und Bauteilen.<\/p>\n<p>Die hier gesammelten Erfahrungen kommen der \u2028st\u00e4ndigen Weiterentwicklung zugute.<\/p>\n<p>Anpassung ist unsere St\u00e4rke. Wo Standardl\u00f6sungen an ihre Grenzen sto\u00dfen, erreichen wir durch gezielte Modifizierung von Anlagentechnik und Chemie eine individuelle Systemoptimierung \u2013\u00a0sogar f\u00fcr hartn\u00e4ckigste Entlackungsaufgaben.<\/p>\n<p>\u00dcberzeugen Sie sich selbst von unserem Know-how und besuchen Sie uns in unserem Technikum.<\/p>\n<\/div>\n<div class=\"spalte-rechts\">\n\n<style type=\"text\/css\">\n.new-royalslider-5 .rsThumbsHor { height:48px; }\n.new-royalslider-5 .rsThumbsVer { width:64px; } \n\t\t\t.new-royalslider-5 .rsThumb { width: 64px; height: 48px; }\n<\/style>\n<div id=\"new-royalslider-5\" class=\"royalSlider new-royalslider-5 rsUni rs-image-gallery\" style=\"width:100%;height:500px;;\" data-rs-options='{&quot;template&quot;:&quot;default&quot;,&quot;image_generation&quot;:{&quot;lazyLoading&quot;:&quot;true&quot;,&quot;imageWidth&quot;:960,&quot;imageHeight&quot;:720,&quot;thumbImageWidth&quot;:128,&quot;thumbImageHeight&quot;:96},&quot;thumbs&quot;:{&quot;paddingTop&quot;:6,&quot;paddingBottom&quot;:6,&quot;thumbWidth&quot;:64,&quot;thumbHeight&quot;:48,&quot;appendSpan&quot;:&quot;true&quot;},&quot;autoPlay&quot;:{&quot;enabled&quot;:&quot;true&quot;,&quot;delay&quot;:3000},&quot;fullscreen&quot;:{&quot;enabled&quot;:&quot;true&quot;,&quot;nativeFS&quot;:&quot;true&quot;},&quot;width&quot;:&quot;100%&quot;,&quot;height&quot;:500,&quot;autoScaleSlider&quot;:&quot;true&quot;,&quot;autoScaleSliderWidth&quot;:960,&quot;autoScaleSliderHeight&quot;:720,&quot;imageScaleMode&quot;:&quot;fill&quot;,&quot;controlNavigation&quot;:&quot;thumbnails&quot;,&quot;arrowsNavAutoHide&quot;:&quot;false&quot;,&quot;globalCaptionInside&quot;:&quot;true&quot;,&quot;transitionType&quot;:&quot;fade&quot;,&quot;loop&quot;:&quot;true&quot;,&quot;sliderDrag&quot;:&quot;false&quot;,&quot;keyboardNavEnabled&quot;:&quot;true&quot;,&quot;fadeinLoadedSlide&quot;:&quot;false&quot;}'>\n<div class=\"rsContent\">\n  <a class=\"rsImg\" href=\"https:\/\/www.escsys.de\/wp-content\/uploads\/2014\/12\/Lohnentlackung_01-960x720.jpg\" data-rsBigImg=\"https:\/\/www.escsys.de\/wp-content\/uploads\/2014\/12\/Lohnentlackung_01.jpg\">Lohnentlackung_01<\/a>\n  <div class=\"rsTmb\"><img decoding=\"async\" src=\"https:\/\/www.escsys.de\/wp-content\/uploads\/2014\/12\/Lohnentlackung_01-128x96.jpg\" alt=\"\" \/><\/div>\n  \n  \n<\/div>\n<div class=\"rsContent\">\n  <a class=\"rsImg\" href=\"https:\/\/www.escsys.de\/wp-content\/uploads\/2014\/12\/Lohnentlackung_02-960x720.jpg\" data-rsBigImg=\"https:\/\/www.escsys.de\/wp-content\/uploads\/2014\/12\/Lohnentlackung_02.jpg\">Lohnentlackung_02<\/a>\n  <div class=\"rsTmb\"><img decoding=\"async\" src=\"https:\/\/www.escsys.de\/wp-content\/uploads\/2014\/12\/Lohnentlackung_02-128x96.jpg\" alt=\"\" \/><\/div>\n  \n  \n<\/div>\n<div class=\"rsContent\">\n  <a class=\"rsImg\" href=\"https:\/\/www.escsys.de\/wp-content\/uploads\/2014\/12\/Lohnentlackung_03-960x720.jpg\" data-rsBigImg=\"https:\/\/www.escsys.de\/wp-content\/uploads\/2014\/12\/Lohnentlackung_03.jpg\">Lohnentlackung_03<\/a>\n  <div class=\"rsTmb\"><img decoding=\"async\" src=\"https:\/\/www.escsys.de\/wp-content\/uploads\/2014\/12\/Lohnentlackung_03-128x96.jpg\" alt=\"\" \/><\/div>\n  \n  \n<\/div>\n<div class=\"rsContent\">\n  <a class=\"rsImg\" href=\"https:\/\/www.escsys.de\/wp-content\/uploads\/2014\/12\/Lohnentlackung_04-960x720.jpg\" data-rsBigImg=\"https:\/\/www.escsys.de\/wp-content\/uploads\/2014\/12\/Lohnentlackung_04.jpg\">Lohnentlackung_04<\/a>\n  <div class=\"rsTmb\"><img decoding=\"async\" src=\"https:\/\/www.escsys.de\/wp-content\/uploads\/2014\/12\/Lohnentlackung_04-128x96.jpg\" alt=\"\" \/><\/div>\n  \n  \n<\/div>\n<div class=\"rsContent\">\n  <a class=\"rsImg\" href=\"https:\/\/www.escsys.de\/wp-content\/uploads\/2014\/12\/Lohnentlackung_05-960x720.jpg\" data-rsBigImg=\"https:\/\/www.escsys.de\/wp-content\/uploads\/2014\/12\/Lohnentlackung_05.jpg\">Lohnentlackung_05<\/a>\n  <div class=\"rsTmb\"><img decoding=\"async\" src=\"https:\/\/www.escsys.de\/wp-content\/uploads\/2014\/12\/Lohnentlackung_05-128x96.jpg\" alt=\"\" \/><\/div>\n  \n  \n<\/div>\n<div class=\"rsContent\">\n  <a class=\"rsImg\" href=\"https:\/\/www.escsys.de\/wp-content\/uploads\/2014\/12\/Lohnentlackung_06-960x720.jpg\" data-rsBigImg=\"https:\/\/www.escsys.de\/wp-content\/uploads\/2014\/12\/Lohnentlackung_06.jpg\">Lohnentlackung_06<\/a>\n  <div class=\"rsTmb\"><img decoding=\"async\" src=\"https:\/\/www.escsys.de\/wp-content\/uploads\/2014\/12\/Lohnentlackung_06-128x96.jpg\" alt=\"\" \/><\/div>\n  \n  \n<\/div>\n<div class=\"rsContent\">\n  <a class=\"rsImg\" href=\"https:\/\/www.escsys.de\/wp-content\/uploads\/2014\/12\/Lohnentlackung_07-960x720.jpg\" data-rsBigImg=\"https:\/\/www.escsys.de\/wp-content\/uploads\/2014\/12\/Lohnentlackung_07.jpg\">Lohnentlackung_07<\/a>\n  <div class=\"rsTmb\"><img decoding=\"async\" src=\"https:\/\/www.escsys.de\/wp-content\/uploads\/2014\/12\/Lohnentlackung_07-128x96.jpg\" alt=\"\" \/><\/div>\n  \n  \n<\/div>\n<div class=\"rsContent\">\n  <a class=\"rsImg\" href=\"https:\/\/www.escsys.de\/wp-content\/uploads\/2014\/12\/Lohnentlackung_08-960x720.jpg\" data-rsBigImg=\"https:\/\/www.escsys.de\/wp-content\/uploads\/2014\/12\/Lohnentlackung_08.jpg\">Lohnentlackung_08<\/a>\n  <div class=\"rsTmb\"><img decoding=\"async\" src=\"https:\/\/www.escsys.de\/wp-content\/uploads\/2014\/12\/Lohnentlackung_08-128x96.jpg\" alt=\"\" \/><\/div>\n  \n  \n<\/div>\n\n<\/div>\n\n<\/div>\n\n\n<div class=\"spalten-clear\"><\/div>\n\n<\/div>\n","protected":false},"excerpt":{"rendered":"","protected":false},"author":1,"featured_media":0,"parent":38,"menu_order":0,"comment_status":"closed","ping_status":"closed","template":"","meta":{"footnotes":""},"class_list":["post-44","page","type-page","status-publish","hentry"],"_links":{"self":[{"href":"https:\/\/www.escsys.de\/de\/wp-json\/wp\/v2\/pages\/44","targetHints":{"allow":["GET"]}}],"collection":[{"href":"https:\/\/www.escsys.de\/de\/wp-json\/wp\/v2\/pages"}],"about":[{"href":"https:\/\/www.escsys.de\/de\/wp-json\/wp\/v2\/types\/page"}],"author":[{"embeddable":true,"href":"https:\/\/www.escsys.de\/de\/wp-json\/wp\/v2\/users\/1"}],"replies":[{"embeddable":true,"href":"https:\/\/www.escsys.de\/de\/wp-json\/wp\/v2\/comments?post=44"}],"version-history":[{"count":3,"href":"https:\/\/www.escsys.de\/de\/wp-json\/wp\/v2\/pages\/44\/revisions"}],"predecessor-version":[{"id":224,"href":"https:\/\/www.escsys.de\/de\/wp-json\/wp\/v2\/pages\/44\/revisions\/224"}],"up":[{"embeddable":true,"href":"https:\/\/www.escsys.de\/de\/wp-json\/wp\/v2\/pages\/38"}],"wp:attachment":[{"href":"https:\/\/www.escsys.de\/de\/wp-json\/wp\/v2\/media?parent=44"}],"curies":[{"name":"wp","href":"https:\/\/api.w.org\/{rel}","templated":true}]}}